{"id":31,"date":"2024-08-30T16:53:07","date_gmt":"2024-08-30T16:53:07","guid":{"rendered":"https:\/\/bananen-ausstellung.de\/?page_id=31"},"modified":"2024-08-30T16:53:07","modified_gmt":"2024-08-30T16:53:07","slug":"links-2","status":"publish","type":"page","link":"https:\/\/www.bananen-ausstellung.de\/?page_id=31","title":{"rendered":"Links"},"content":{"rendered":"\n<p>Im Internet findet sich eine gro\u00dfe Anzahl von weiteren Materialien zur Situation von Bananenarbeiter\/innen, dem weltweiten Handelssystem mit Bananen, p\u00e4dagogische Materialien zum Einsatz in Schule oder Jugendgruppe sowie weitere Informationen rund um den Fairen Handel. Untenstehend finden Sie ein paar ausgew\u00e4hlte Links, die wir f\u00fcr besonders geeignet halten.<\/p>\n\n\n\n<p><strong>S\u00fcdwind Institut<\/strong><br>Diverse Publikationen zum Thema Bananen, entweder zum Bestellen oder zum Download.<br><a href=\"http:\/\/www.suedwind-institut.de\/publikationen-462.html\" target=\"_blank\" rel=\"noreferrer noopener\">www.suedwind-institut.de\/publikationen-462.html<\/a><\/p>\n\n\n\n<p><strong>Fairtrade Deutschland<\/strong><br>Hier finden sich recht aktuelle Informationen rund um die Banane. So auch unter anderem auch das 11-seitige Fairtrade-Hintergrundpapier zu Bananen.<br><a href=\"http:\/\/www.fairtrade-deutschland.de\/produkte\/bananen\/hintergrund-fairtrade-bananen\" data-type=\"link\" data-id=\"www.fairtrade-deutschland.de\/produkte\/bananen\/hintergrund-fairtrade-bananen\" target=\"_blank\" rel=\"noreferrer noopener\">www.fairtrade-deutschland.de\/produkte\/bananen\/hintergrund-fairtrade-bananen<\/a><\/p>\n\n\n\n<p><strong>Oxfam Deutschland<\/strong><br>Zahlreiche Dokumente und Videos zum Bananenhandel und den Arbeitsbedingungen sind auf der Webseite zu finden. Auf der Oxfam Website einfach \u201eBananen\u201c eingeben und die Ergebnisse werden nach Erscheinungsjahr aufgelistet.<br><a href=\"http:\/\/www.oxfam.de\/suche?s=Bananen\" target=\"_blank\" rel=\"noreferrer noopener\">www.oxfam.de\/suche?s=Bananen<\/a><\/p>\n\n\n\n<p><strong>Banafair<\/strong><br>Banafair ist eine Fairhandels-Organisation, die sich speziell auf den Fairen Handel mit Bananen spezialisiert hat. Dort findet sich u.a. auch das 3-seitige Factsheet zu Bananen.<br><a href=\"http:\/\/www.banafair.com\/materialien.html\" data-type=\"link\" data-id=\"www.banafair.com\/materialien.html\">www.banafair.com\/materialien.html<\/a><\/p>\n","protected":false},"excerpt":{"rendered":"<p>Im Internet findet sich eine gro\u00dfe Anzahl von weiteren Materialien zur Situation von Bananenarbeiter\/innen, dem weltweiten Handelssystem mit Bananen, p\u00e4dagogische Materialien zum Einsatz in Schule oder Jugendgruppe sowie weitere Informationen rund um den Fairen Handel. Untenstehend finden Sie ein paar ausgew\u00e4hlte Links, die wir f\u00fcr besonders geeignet halten. S\u00fcdwind InstitutDiverse Publikationen zum Thema Bananen, entweder zum Bestellen oder zum Download.www.suedwind-institut.de\/publikationen-462.html Fairtrade DeutschlandHier finden sich recht aktuelle Informationen rund um die Banane. So auch unter anderem auch das 11-seitige Fairtrade-Hintergrundpapier zu Bananen.www.fairtrade-deutschland.de\/produkte\/bananen\/hintergrund-fairtrade-bananen Oxfam DeutschlandZahlreiche Dokumente und Videos zum Bananenhandel und den Arbeitsbedingungen sind auf der Webseite zu finden. Auf der Oxfam Website einfach \u201eBananen\u201c eingeben und die Ergebnisse werden nach Erscheinungsjahr aufgelistet.www.oxfam.de\/suche?s=Bananen BanafairBanafair ist eine Fairhandels-Organisation, die sich speziell auf den Fairen Handel mit Bananen spezialisiert hat. Dort findet sich u.a. auch das 3-seitige Factsheet zu Bananen.www.banafair.com\/materialien.html<\/p>\n","protected":false},"author":1,"featured_media":0,"parent":0,"menu_order":0,"comment_status":"closed","ping_status":"closed","template":"","meta":{"footnotes":""},"class_list":["post-31","page","type-page","status-publish","hentry"],"_links":{"self":[{"href":"https:\/\/www.bananen-ausstellung.de\/index.php?rest_route=\/wp\/v2\/pages\/31","targetHints":{"allow":["GET"]}}],"collection":[{"href":"https:\/\/www.bananen-ausstellung.de\/index.php?rest_route=\/wp\/v2\/pages"}],"about":[{"href":"https:\/\/www.bananen-ausstellung.de\/index.php?rest_route=\/wp\/v2\/types\/page"}],"author":[{"embeddable":true,"href":"https:\/\/www.bananen-ausstellung.de\/index.php?rest_route=\/wp\/v2\/users\/1"}],"replies":[{"embeddable":true,"href":"https:\/\/www.bananen-ausstellung.de\/index.php?rest_route=%2Fwp%2Fv2%2Fcomments&post=31"}],"version-history":[{"count":1,"href":"https:\/\/www.bananen-ausstellung.de\/index.php?rest_route=\/wp\/v2\/pages\/31\/revisions"}],"predecessor-version":[{"id":32,"href":"https:\/\/www.bananen-ausstellung.de\/index.php?rest_route=\/wp\/v2\/pages\/31\/revisions\/32"}],"wp:attachment":[{"href":"https:\/\/www.bananen-ausstellung.de\/index.php?rest_route=%2Fwp%2Fv2%2Fmedia&parent=31"}],"curies":[{"name":"wp","href":"https:\/\/api.w.org\/{rel}","templated":true}]}}