{"id":25,"date":"2024-08-30T16:44:11","date_gmt":"2024-08-30T16:44:11","guid":{"rendered":"https:\/\/bananen-ausstellung.de\/?page_id=25"},"modified":"2024-08-30T16:44:11","modified_gmt":"2024-08-30T16:44:11","slug":"ausstellung","status":"publish","type":"page","link":"https:\/\/www.bananen-ausstellung.de\/?page_id=25","title":{"rendered":"Ausstellung"},"content":{"rendered":"\n<p>Die Ausstellung \u201eBananen Fair! \u2026 es geht!\u201c besteht aus verschiedenen Elementen die in unterschiedlicher Weise Die Ausstellung \u201eBananen Fair! \u2026 es geht!\u201c besteht aus verschiedenen Elementen, die in unterschiedlicher Weise gruppiert bzw. angeordnet werden k\u00f6nnen. Die ben\u00f6tigte Standfl\u00e4che hierf\u00fcr betr\u00e4gt ca. 15 qm. Insgesamt kann die Ausstellung durch gro\u00dfe Objekte entsprechende R\u00e4ume f\u00fcllen und eine hohe Sichtbarkeit f\u00fcr das Thema herstellen. In einem ausgekl\u00fcgelten System ist die Ausstellung dennoch nur in einer gro\u00dfen Kiste untergebracht, was einen kosteng\u00fcnstigen Versand erm\u00f6glicht.<\/p>\n\n\n\n<p><br><strong>Acht gro\u00dfe Bananenst\u00e4nder<\/strong><br>Hauptelement der Ausstellung sind acht gro\u00dfe Bananenst\u00e4nder. Die H\u00f6he der aufblasbaren Bananen betr\u00e4gt 1,80 Meter. An der Vorderseite befinden sich Panels mit Info-Texten. Die Ausstellungstafeln besitzen eine Nummerierung, die eine logische Reihenfolge von Einstiegsinformationen, Produktionsbedingungen, Handelswegen bis hin zu konkreten Handlungs-optionen darstellen. Eine Reduzierung der St\u00e4nder-anzahl ist, je nach vorhandenen r\u00e4umlichen Gegebenheiten jedoch ebenfalls m\u00f6glich.<\/p>\n\n\n\n<figure class=\"wp-block-image size-large\"><img loading=\"lazy\" decoding=\"async\" width=\"1024\" height=\"588\" src=\"https:\/\/www.bananen-ausstellung.de\/wp-content\/uploads\/2024\/08\/Bananen-Ausstellung-1024x588.jpg\" alt=\"\" class=\"wp-image-9\" srcset=\"https:\/\/www.bananen-ausstellung.de\/wp-content\/uploads\/2024\/08\/Bananen-Ausstellung-1024x588.jpg 1024w, https:\/\/www.bananen-ausstellung.de\/wp-content\/uploads\/2024\/08\/Bananen-Ausstellung-300x172.jpg 300w, https:\/\/www.bananen-ausstellung.de\/wp-content\/uploads\/2024\/08\/Bananen-Ausstellung-768x441.jpg 768w, https:\/\/www.bananen-ausstellung.de\/wp-content\/uploads\/2024\/08\/Bananen-Ausstellung.jpg 1090w\" sizes=\"auto, (max-width: 1024px) 100vw, 1024px\" \/><\/figure>\n\n\n\n<p><em>Ein Teil der Bananenausstellung im Technischen Rathaus in Mannheim<\/em><br><\/p>\n\n\n\n<p><strong>Zwei Rollups<\/strong><br>Zum Einstieg (Beginn der Ausstellung) und zum Ende (Handlungsoptionen) gibt es zwei gro\u00dfe Rollups, die einen Blickfang herstellen und der Ausstellung einen klaren Anfang und ein Ende geben.<br>Medienstation und Infobereich<br>Bei der Ausstellung gibt es ein Monitor auf dem kurze Ausschnitte von zwei Filmen zu Bananenproduktion und der FraEs gibt es einen Monitor\/Tablet, auf dem kurze Ausschnitte aus zwei Filmen zur Bananenproduktion und zu der Frage, was einen Fairen Preis darstellt, laufen. Die Medienstation ben\u00f6tigt lediglich einen normalen 220 Volt Stromanschluss. Je nach Entfernung zur Steckdose wird noch ein zus\u00e4tzliches Verl\u00e4ngerungskabel ben\u00f6tigt.<\/p>\n\n\n\n<p><strong>Manual zum Auf- und Abbau<\/strong><br>In einem speziellen Manual zu Auf- und Abbau, Transport, Versand und weiteren Tipps und Tricks haben wir ein zWir haben f\u00fcr Sie ein zus\u00e4tzliches spezielles Manual zum Auf- und Abbau, Transport, Versand der Ausstellung und mit weiteren Tipps und Tricks zusammengestellt. Zusammen mit der Reservierungsbest\u00e4tigung bekommen Sie dieses noch vor Anlieferung der Ausstellung per Email zugesendet. Wir raten dringend dazu, dieses Manual vor dem Aufbau der Ausstellung gr\u00fcndlich zu lesen. Dieses erleichtert u.a. durch hilfreiche Hinweise deren Auf- und Abbau.<\/p>\n\n\n\n<p><strong>Versand<\/strong><br>Die Ausstellung kann bundesweit versendet werden. Sie besteht aus einer Kiste, die mit dem normalen Postversand per DHL versendet werden kann. Der Lieferung der Ausstellung erfolgt in einer Kiste, die sich in einem Karton befindet. Die Abgabe der Ausstellung ist in jeder Post\/DHL-Filiale m\u00f6glich. Ein kostenintensiver Versand \u00fcber eine Spedition ist nicht notwendig.<\/p>\n\n\n\n<p>Die Ausstellung eignet sich nur bedingt f\u00fcr den Outdoor-Einsatz. F\u00fcr die Verwendung bei starkem Wind, N\u00e4sse oder Regen ist sie nicht geeignet.<\/p>\n","protected":false},"excerpt":{"rendered":"<p>Die Ausstellung \u201eBananen Fair! \u2026 es geht!\u201c besteht aus verschiedenen Elementen die in unterschiedlicher Weise Die Ausstellung \u201eBananen Fair! \u2026 es geht!\u201c besteht aus verschiedenen Elementen, die in unterschiedlicher Weise gruppiert bzw. angeordnet werden k\u00f6nnen. Die ben\u00f6tigte Standfl\u00e4che hierf\u00fcr betr\u00e4gt ca. 15 qm. Insgesamt kann die Ausstellung durch gro\u00dfe Objekte entsprechende R\u00e4ume f\u00fcllen und eine hohe Sichtbarkeit f\u00fcr das Thema herstellen. In einem ausgekl\u00fcgelten System ist die Ausstellung dennoch nur in einer gro\u00dfen Kiste untergebracht, was einen kosteng\u00fcnstigen Versand erm\u00f6glicht. Acht gro\u00dfe Bananenst\u00e4nderHauptelement der Ausstellung sind acht gro\u00dfe Bananenst\u00e4nder. Die H\u00f6he der aufblasbaren Bananen betr\u00e4gt 1,80 Meter. An der Vorderseite befinden sich Panels mit Info-Texten. Die Ausstellungstafeln besitzen eine Nummerierung, die eine logische Reihenfolge von Einstiegsinformationen, Produktionsbedingungen, Handelswegen bis hin zu konkreten Handlungs-optionen darstellen. Eine Reduzierung der St\u00e4nder-anzahl ist, je nach vorhandenen r\u00e4umlichen Gegebenheiten jedoch ebenfalls m\u00f6glich. Ein Teil der Bananenausstellung im Technischen Rathaus in Mannheim Zwei RollupsZum Einstieg (Beginn der Ausstellung) und zum Ende (Handlungsoptionen) gibt es zwei gro\u00dfe Rollups, die einen Blickfang herstellen und der Ausstellung einen klaren Anfang und ein Ende geben.Medienstation und InfobereichBei der Ausstellung gibt es ein Monitor auf dem kurze Ausschnitte von zwei Filmen zu Bananenproduktion und der FraEs gibt es einen Monitor\/Tablet, auf dem kurze Ausschnitte aus zwei Filmen zur Bananenproduktion und zu der Frage, was einen Fairen Preis darstellt, laufen. Die Medienstation ben\u00f6tigt lediglich einen normalen 220 Volt Stromanschluss. Je nach Entfernung zur Steckdose wird noch ein zus\u00e4tzliches Verl\u00e4ngerungskabel ben\u00f6tigt. Manual zum Auf- und AbbauIn einem speziellen Manual zu Auf- und Abbau, Transport, Versand und weiteren Tipps und Tricks haben wir ein zWir haben f\u00fcr Sie ein zus\u00e4tzliches spezielles Manual zum Auf- und Abbau, Transport, Versand der Ausstellung und mit weiteren Tipps und Tricks zusammengestellt. Zusammen mit der Reservierungsbest\u00e4tigung bekommen Sie dieses noch vor Anlieferung der Ausstellung per Email zugesendet. Wir raten dringend dazu, dieses Manual vor dem Aufbau der Ausstellung gr\u00fcndlich zu lesen. Dieses erleichtert u.a. durch hilfreiche Hinweise deren Auf- und Abbau. VersandDie Ausstellung kann bundesweit versendet werden. Sie besteht aus einer Kiste, die mit dem normalen Postversand per DHL versendet werden kann. Der Lieferung der Ausstellung erfolgt in einer Kiste, die sich in einem Karton befindet. Die Abgabe der Ausstellung ist in jeder Post\/DHL-Filiale m\u00f6glich. Ein kostenintensiver Versand \u00fcber eine Spedition ist nicht notwendig. Die Ausstellung eignet sich nur bedingt f\u00fcr den Outdoor-Einsatz. F\u00fcr die Verwendung bei starkem Wind, N\u00e4sse oder Regen ist sie nicht geeignet.<\/p>\n","protected":false},"author":1,"featured_media":0,"parent":0,"menu_order":0,"comment_status":"closed","ping_status":"closed","template":"","meta":{"footnotes":""},"class_list":["post-25","page","type-page","status-publish","hentry"],"_links":{"self":[{"href":"https:\/\/www.bananen-ausstellung.de\/index.php?rest_route=\/wp\/v2\/pages\/25","targetHints":{"allow":["GET"]}}],"collection":[{"href":"https:\/\/www.bananen-ausstellung.de\/index.php?rest_route=\/wp\/v2\/pages"}],"about":[{"href":"https:\/\/www.bananen-ausstellung.de\/index.php?rest_route=\/wp\/v2\/types\/page"}],"author":[{"embeddable":true,"href":"https:\/\/www.bananen-ausstellung.de\/index.php?rest_route=\/wp\/v2\/users\/1"}],"replies":[{"embeddable":true,"href":"https:\/\/www.bananen-ausstellung.de\/index.php?rest_route=%2Fwp%2Fv2%2Fcomments&post=25"}],"version-history":[{"count":1,"href":"https:\/\/www.bananen-ausstellung.de\/index.php?rest_route=\/wp\/v2\/pages\/25\/revisions"}],"predecessor-version":[{"id":26,"href":"https:\/\/www.bananen-ausstellung.de\/index.php?rest_route=\/wp\/v2\/pages\/25\/revisions\/26"}],"wp:attachment":[{"href":"https:\/\/www.bananen-ausstellung.de\/index.php?rest_route=%2Fwp%2Fv2%2Fmedia&parent=25"}],"curies":[{"name":"wp","href":"https:\/\/api.w.org\/{rel}","templated":true}]}}