{"id":17,"date":"2024-08-30T16:24:54","date_gmt":"2024-08-30T16:24:54","guid":{"rendered":"https:\/\/bananen-ausstellung.de\/?page_id=17"},"modified":"2024-08-30T16:24:54","modified_gmt":"2024-08-30T16:24:54","slug":"willkommen","status":"publish","type":"page","link":"https:\/\/www.bananen-ausstellung.de\/","title":{"rendered":"Willkommen"},"content":{"rendered":"\n<div class=\"wp-block-columns is-layout-flex wp-container-core-columns-is-layout-9d6595d7 wp-block-columns-is-layout-flex\">\n<div class=\"wp-block-column is-layout-flow wp-block-column-is-layout-flow\">\n<p>Als beliebtestes Frischobst der Welt ist der Konsum von Bananen sehr hoch. Allein nach Deutschland werden j\u00e4hrlich mehr als 1,3 Millionen Tonnen Dessertbananen eingef\u00fchrt \u2013 im Durchschnitt ergibt das knapp 8 kg Bananen pro Jahr und Kopf.<\/p>\n<\/div>\n\n\n\n<div class=\"wp-block-column is-layout-flow wp-block-column-is-layout-flow\">\n<figure class=\"wp-block-image size-full is-resized\"><img loading=\"lazy\" decoding=\"async\" width=\"1000\" height=\"668\" src=\"https:\/\/www.bananen-ausstellung.de\/wp-content\/uploads\/2024\/08\/Bananentransport.jpg\" alt=\"\" class=\"wp-image-10\" style=\"width:275px;height:auto\" srcset=\"https:\/\/www.bananen-ausstellung.de\/wp-content\/uploads\/2024\/08\/Bananentransport.jpg 1000w, https:\/\/www.bananen-ausstellung.de\/wp-content\/uploads\/2024\/08\/Bananentransport-300x200.jpg 300w, https:\/\/www.bananen-ausstellung.de\/wp-content\/uploads\/2024\/08\/Bananentransport-768x513.jpg 768w\" sizes=\"auto, (max-width: 1000px) 100vw, 1000px\" \/><\/figure>\n<\/div>\n\n\n\n<div class=\"wp-block-column is-layout-flow wp-block-column-is-layout-flow\">\n<p>Die Banane ist das meistkonsumierteste Frischobst der Erde, doch ungerechte L\u00f6hne und schlechte Arbeitsbedingungen pr\u00e4gen den Alltag von Besch\u00e4ftigten auf Plantagen. Kleinb\u00e4uerinnen und -bauern leiden unter dem Preisdruck, der von Exporteuren, Importeuren und Superm\u00e4rkten weitergegeben wird.<br><\/p>\n<\/div>\n<\/div>\n\n\n\n<p>Mit der Ausstellung \u201eBananen Fair! \u2026 es geht!\u201c m\u00f6chten wir Einblicke in die Bananenproduktion und die dort herrschenden Arbeits- und Herstellungsbedingungen geben. Gleichzeitig m\u00f6chten wir darstellen, welche Optionen uns als Konsument\/in gegeben sind, um die problematischen Bedingungen zum Besseren zu ver\u00e4ndern. Die Ausstellung eignet sich sehr gut f\u00fcr die Aufstelung in Schulen, Bibliotheken, Kantinen, Kirchengemeinden und Rath\u00e4usern. Sie macht faires Handeln zum Thema.<br>Die Ausstellung skizziert, wie anhand von Bananen ein global verantwortlicher Konsum aussehen kann. Neben den Infos rund um die Produktion zeigt sie konkrete Handlungsoptionen auf. Wir freuen uns immer \u00fcber R\u00fcckmeldungen zu den Materialien rund um die Banane oder \u00fcber eine Ausleihe der Ausstellung.<br>Ihr Think-Global Team<\/p>\n\n\n\n<p><\/p>\n","protected":false},"excerpt":{"rendered":"<p>Als beliebtestes Frischobst der Welt ist der Konsum von Bananen sehr hoch. Allein nach Deutschland werden j\u00e4hrlich mehr als 1,3 Millionen Tonnen Dessertbananen eingef\u00fchrt \u2013 im Durchschnitt ergibt das knapp 8 kg Bananen pro Jahr und Kopf. Die Banane ist das meistkonsumierteste Frischobst der Erde, doch ungerechte L\u00f6hne und schlechte Arbeitsbedingungen pr\u00e4gen den Alltag von Besch\u00e4ftigten auf Plantagen. Kleinb\u00e4uerinnen und -bauern leiden unter dem Preisdruck, der von Exporteuren, Importeuren und Superm\u00e4rkten weitergegeben wird. Mit der Ausstellung \u201eBananen Fair! \u2026 es geht!\u201c m\u00f6chten wir Einblicke in die Bananenproduktion und die dort herrschenden Arbeits- und Herstellungsbedingungen geben. Gleichzeitig m\u00f6chten wir darstellen, welche Optionen uns als Konsument\/in gegeben sind, um die problematischen Bedingungen zum Besseren zu ver\u00e4ndern. Die Ausstellung eignet sich sehr gut f\u00fcr die Aufstelung in Schulen, Bibliotheken, Kantinen, Kirchengemeinden und Rath\u00e4usern. Sie macht faires Handeln zum Thema.Die Ausstellung skizziert, wie anhand von Bananen ein global verantwortlicher Konsum aussehen kann. Neben den Infos rund um die Produktion zeigt sie konkrete Handlungsoptionen auf. Wir freuen uns immer \u00fcber R\u00fcckmeldungen zu den Materialien rund um die Banane oder \u00fcber eine Ausleihe der Ausstellung.Ihr Think-Global Team<\/p>\n","protected":false},"author":1,"featured_media":0,"parent":0,"menu_order":0,"comment_status":"closed","ping_status":"closed","template":"","meta":{"footnotes":""},"class_list":["post-17","page","type-page","status-publish","hentry"],"_links":{"self":[{"href":"https:\/\/www.bananen-ausstellung.de\/index.php?rest_route=\/wp\/v2\/pages\/17","targetHints":{"allow":["GET"]}}],"collection":[{"href":"https:\/\/www.bananen-ausstellung.de\/index.php?rest_route=\/wp\/v2\/pages"}],"about":[{"href":"https:\/\/www.bananen-ausstellung.de\/index.php?rest_route=\/wp\/v2\/types\/page"}],"author":[{"embeddable":true,"href":"https:\/\/www.bananen-ausstellung.de\/index.php?rest_route=\/wp\/v2\/users\/1"}],"replies":[{"embeddable":true,"href":"https:\/\/www.bananen-ausstellung.de\/index.php?rest_route=%2Fwp%2Fv2%2Fcomments&post=17"}],"version-history":[{"count":1,"href":"https:\/\/www.bananen-ausstellung.de\/index.php?rest_route=\/wp\/v2\/pages\/17\/revisions"}],"predecessor-version":[{"id":18,"href":"https:\/\/www.bananen-ausstellung.de\/index.php?rest_route=\/wp\/v2\/pages\/17\/revisions\/18"}],"wp:attachment":[{"href":"https:\/\/www.bananen-ausstellung.de\/index.php?rest_route=%2Fwp%2Fv2%2Fmedia&parent=17"}],"curies":[{"name":"wp","href":"https:\/\/api.w.org\/{rel}","templated":true}]}}